{"id":179,"date":"2019-09-23T16:41:37","date_gmt":"2019-09-23T16:41:37","guid":{"rendered":"http:\/\/www.interfaithsustain.com\/italian\/?page_id=179"},"modified":"2026-01-14T08:05:25","modified_gmt":"2026-01-14T08:05:25","slug":"progetto-ispirato-alla-fede-per-lenergia-rinnovabile-in-africa","status":"publish","type":"page","link":"https:\/\/interfaithsustain.com\/italian\/progetto-ispirato-alla-fede-per-lenergia-rinnovabile-in-africa\/","title":{"rendered":"Progetto ispirato alla fede per l&#8217;energia rinnovabile in Africa"},"content":{"rendered":"<p align=\"center\"><span style=\"font-family: Courier New, serif;\"><span style=\"font-size: small;\"><span style=\"color: #212121;\"><span style=\"font-family: Garamond, serif;\"><span style=\"font-size: medium;\"><span lang=\"it-IT\"><i>E Dio disse: Ci saranno luci nel firmamento del cielo &#8230; <\/i><\/span><\/span><\/span><\/span><span style=\"color: #000000;\"><span style=\"font-family: Garamond, serif;\"><span style=\"font-size: medium;\"><span lang=\"it-IT\"><i>e servano da luminari nel firmamento dei cieli per far luce sulla terra. E cos\u00ec fu. <\/i><\/span><\/span><\/span><\/span><\/span><\/span><\/p>\n<p align=\"center\"><span style=\"font-family: Garamond, serif;\"><span style=\"font-size: medium;\"><span lang=\"it-IT\"><i>Genesi 1: 14-15<\/i><\/span><\/span><\/span><\/p>\n<p align=\"center\"><span style=\"font-family: Courier New, serif;\"><span style=\"font-size: small;\"><span lang=\"it-IT\"><br \/>\n<\/span><span style=\"color: #212121;\"><span style=\"font-family: Garamond, serif;\"><span style=\"font-size: medium;\"><span lang=\"it-IT\"><i>&#8220;Per poter utilizzare l&#8217;abbondante energia solare, sono necessari meccanismi e sussidi<\/i><\/span><\/span><\/span><\/span><span style=\"color: #212121;\"><span style=\"font-family: Garamond, serif;\"><span style=\"font-size: medium;\"><span lang=\"it-IT\"><i>che consentono ai paesi in via di sviluppo di accedere al progresso tecnologico, all&#8217;assistenza tecnica e alle risorse finanziarie\u201d<\/i><\/span><\/span><\/span><\/span><\/span><\/span><\/p>\n<p align=\"center\"><span style=\"font-family: Courier New, serif;\"><span style=\"font-size: small;\"><span style=\"color: #212121;\"><span style=\"font-family: Garamond, serif;\"><span style=\"font-size: medium;\"><span lang=\"it-IT\"><i>Papa Francesco, Laudato Si\u00b4: Enciclica sulla cura della casa comune<\/i><\/span><\/span><\/span><\/span><\/span><\/span><\/p>\n<p><span style=\"font-family: Courier New, serif;\"><span style=\"font-size: small;\"><span style=\"color: #212121;\"><span style=\"font-family: Garamond, serif;\"><span style=\"font-size: large;\"><span lang=\"it-IT\"><b>Esigenze<\/b><\/span><\/span><\/span><\/span><\/span><\/span><\/p>\n<p><span style=\"font-family: Courier New, serif;\"><span style=\"font-size: small;\"><span style=\"color: #212121;\"><span style=\"font-family: Garamond, serif;\"><span style=\"font-size: medium;\"><span lang=\"it-IT\">Oltre 600 milioni di persone nell&#8217;Africa sub-sahariana non hanno accesso all&#8217;elettricit\u00e0. Costituiscono il 13% della popolazione mondiale, contribuiscono minimamente alle emissioni di gas serra, ma sono le vittime pi\u00f9 colpite dal cambiamento climatico. Questa realt\u00e0 presenta enormi opportunit\u00e0 per fare una differenza positiva nella vita delle persone africane. La produzione di energia rinnovabile pu\u00f2 ridurre in modo significativo la dipendenza dal gasolio e dal legno raccolto, i combustibili pi\u00f9 inquinanti. <\/span><\/span><\/span><\/span><span lang=\"it-IT\"><br \/>\n<\/span><span style=\"color: #212121;\"><span style=\"font-family: Garamond, serif;\"><span style=\"font-size: medium;\"><span lang=\"it-IT\">Un semplice campo solare da cinque megawatt (MW) evita l\u2019emissione di 125.000 tonnellate di CO2 in 20 anni. <\/span><\/span><\/span><\/span><\/span><\/span><\/p>\n<p><span style=\"font-family: Courier New, serif;\"><span style=\"font-size: small;\"><span style=\"color: #212121;\"><span style=\"font-family: Garamond, serif;\"><span style=\"font-size: large;\"><span lang=\"it-IT\"><b>Obiettivi <\/b><\/span><\/span><\/span><\/span><\/span><\/span><\/p>\n<ul>\n<li><span style=\"font-family: Courier New, serif;\"><span style=\"font-size: small;\"><span style=\"color: #212121;\"><span style=\"font-family: Garamond, serif;\"><span style=\"font-size: medium;\"><span lang=\"it-IT\">cura della creazione e promozione dello sviluppo sostenibile attraverso il dispiegamento di energia solare ed eolica;<\/span><\/span><\/span><\/span><\/span><\/span><\/li>\n<li><span style=\"font-family: Courier New, serif;\"><span style=\"font-size: small;\"><span style=\"color: #212121;\"><span style=\"font-family: Garamond, serif;\"><span style=\"font-size: medium;\"><span lang=\"it-IT\">Portare l&#8217;elettricit\u00e0 rinnovabile agli africani, frenare il cambiamento climatico e consentire alle generazioni attuali e future di vivere in modo sostenibile.<\/span><\/span><\/span><\/span><\/span><\/span><\/li>\n<\/ul>\n<p><span style=\"font-family: Courier New, serif;\"><span style=\"font-size: small;\"><span style=\"color: #212121;\"><span style=\"font-family: Garamond, serif;\"><span style=\"font-size: large;\"><span lang=\"it-IT\"><b>Compiti<\/b><\/span><\/span><\/span><\/span><\/span><\/span><\/p>\n<ul>\n<li><span style=\"font-family: Courier New, serif;\"><span style=\"font-size: small;\"><span style=\"color: #212121;\"><span style=\"font-family: Garamond, serif;\"><span style=\"font-size: medium;\"><span lang=\"it-IT\">Coinvolgimento delle istituzioni religiose africane nell\u2019attualizzazione degli imperativi etici sulla cura della creazione facilitando lo sviluppo di energie alternative nelle loro terre<\/span><\/span><\/span><\/span><\/span><\/span><\/li>\n<li><span style=\"font-family: Courier New, serif;\"><span style=\"font-size: small;\"><span style=\"color: #212121;\"><span style=\"font-family: Garamond, serif;\"><span style=\"font-size: medium;\"><span lang=\"it-IT\">Stabilire un meccanismo pratico e scalabile per supportare investimenti e implementazione di progetti solari fotovoltaici ed eolici di almeno 7,5 MW in Africa;<\/span><\/span><\/span><\/span><\/span><\/span><\/li>\n<li><span style=\"font-family: Courier New, serif;\"><span style=\"font-size: small;\"><span style=\"color: #212121;\"><span style=\"font-family: Garamond, serif;\"><span style=\"font-size: medium;\"><span lang=\"it-IT\">Implementare progetti di energia rinnovabile off-grid in Africa sulla base del modello di sviluppo di villaggio rurale di Gigawatt Global (GWG) per lo sviluppo off-grid commercialmente sostenibile<\/span><\/span><\/span><\/span><\/span><\/span><\/li>\n<\/ul>\n","protected":false},"excerpt":{"rendered":"<p>E Dio disse: Ci saranno luci nel firmamento del cielo &#8230; e servano da luminari nel firmamento dei cieli per far luce sulla terra. E cos\u00ec fu. Genesi 1: 14-15 &#8220;Per poter utilizzare l&#8217;abbondante energia solare, sono necessari meccanismi e sussidiche consentono ai paesi in via di sviluppo di accedere&hellip;<\/p>\n<p> <a class=\"more-link\" href=\"https:\/\/interfaithsustain.com\/italian\/progetto-ispirato-alla-fede-per-lenergia-rinnovabile-in-africa\/\">Leggi tutto<\/a><\/p>\n","protected":false},"author":2,"featured_media":182,"parent":0,"menu_order":0,"comment_status":"closed","ping_status":"closed","template":"","meta":{"footnotes":""},"class_list":["post-179","page","type-page","status-publish","has-post-thumbnail"],"aioseo_notices":[],"_links":{"self":[{"href":"https:\/\/interfaithsustain.com\/italian\/wp-json\/wp\/v2\/pages\/179","targetHints":{"allow":["GET"]}}],"collection":[{"href":"https:\/\/interfaithsustain.com\/italian\/wp-json\/wp\/v2\/pages"}],"about":[{"href":"https:\/\/interfaithsustain.com\/italian\/wp-json\/wp\/v2\/types\/page"}],"author":[{"embeddable":true,"href":"https:\/\/interfaithsustain.com\/italian\/wp-json\/wp\/v2\/users\/2"}],"replies":[{"embeddable":true,"href":"https:\/\/interfaithsustain.com\/italian\/wp-json\/wp\/v2\/comments?post=179"}],"version-history":[{"count":1,"href":"https:\/\/interfaithsustain.com\/italian\/wp-json\/wp\/v2\/pages\/179\/revisions"}],"predecessor-version":[{"id":183,"href":"https:\/\/interfaithsustain.com\/italian\/wp-json\/wp\/v2\/pages\/179\/revisions\/183"}],"wp:featuredmedia":[{"embeddable":true,"href":"https:\/\/interfaithsustain.com\/italian\/wp-json\/wp\/v2\/media\/182"}],"wp:attachment":[{"href":"https:\/\/interfaithsustain.com\/italian\/wp-json\/wp\/v2\/media?parent=179"}],"curies":[{"name":"wp","href":"https:\/\/api.w.org\/{rel}","templated":true}]}}