{"id":210,"date":"2019-04-02T17:05:19","date_gmt":"2019-04-02T17:05:19","guid":{"rendered":"http:\/\/www.interfaithsustain.com\/german\/?page_id=210"},"modified":"2026-02-16T12:18:20","modified_gmt":"2026-02-16T12:18:20","slug":"spenden","status":"publish","type":"page","link":"https:\/\/interfaithsustain.com\/german\/spenden\/","title":{"rendered":"Spenden"},"content":{"rendered":"\n<p>Das Interreligi\u00f6se Zentrum f\u00fcr Nachhaltige Entwicklung (ICSD) ist eine weltf\u00fchrende Organisation im Bereich interreligi\u00f6ser Umweltvertretung, Bildung und Aktion. Mit Ihrer gro\u00dfz\u00fcgigen und steuerlich absetzbaren Spende helfen Sie uns, immer mehr Einzelpersonen und Institutionen zu erreichen und in der ganzen Welt zu wirken.<\/p>\n\n\n\n<p>Das Interfaith Center for Sustainable Development (ICSD) wird in den USA von FJC, einer 501 (c) 3-gemeinn\u00fctzigen Organisation. Alle durch FJC an ICSD geleisteten Spenden sind in den USA steuerlich absetzbar.<\/p>\n\n\n\n<p>Machen Sie eine steuerlich absetzbare Spende online:<\/p>\n\n\n\n<p>Klicken Sie auf den orangefarbenen Spenden-Button unterhalb dieses Textes, um per Debitkarte oder Kreditkarte zu spenden:<\/p>\n\n\n<div class=\"wp-block-image\">\n<figure class=\"alignleft size-full\"><a href=\"https:\/\/fjc.givingfuel.com\/interfaith-center-for-sustainable-development\/\" target=\"_blank\" rel=\" noreferrer noopener\"><img decoding=\"async\" width=\"92\" height=\"26\" src=\"https:\/\/interfaithsustain.com\/german\/wp-content\/uploads\/2026\/02\/btn_donate_LG-92x26-1.gif\" alt=\"Donate button\" class=\"wp-image-488\" title=\"Donate\"\/><\/a><\/figure>\n<\/div>\n\n\n<p><br><br>Sie werden zu GivingFuel weitergeleitet, um Ihre Spende sicher abzuschlie\u00dfen. Ihre Zahlungsdaten werden von uns nicht gespeichert.<\/p>\n\n\n\n<p>Machen Sie eine steuerlich absetzbare Spende per Check:<\/p>\n\n\n\n<p>Von Israel aus k\u00f6nnen Sie einen Check f\u00fcr das Interfaith Center for Sustainable Development ausstellen und es an P.O. Box 28156, Jerusalem, 9128101 schicken.<\/p>\n","protected":false},"excerpt":{"rendered":"<p>Das Interreligi\u00f6se Zentrum f\u00fcr Nachhaltige Entwicklung (ICSD) ist eine weltf\u00fchrende Organisation im Bereich interreligi\u00f6ser Umweltvertretung, Bildung und Aktion. Mit Ihrer gro\u00dfz\u00fcgigen und steuerlich absetzbaren Spende helfen Sie uns, immer mehr Einzelpersonen und Institutionen zu erreichen und in der ganzen Welt zu wirken. Das Interfaith Center for Sustainable Development (ICSD) wird&hellip;<\/p>\n<p> <a class=\"more-link\" href=\"https:\/\/interfaithsustain.com\/german\/spenden\/\">Weiterlesen<\/a><\/p>\n","protected":false},"author":2,"featured_media":214,"parent":0,"menu_order":0,"comment_status":"closed","ping_status":"closed","template":"","meta":{"footnotes":""},"class_list":["post-210","page","type-page","status-publish","has-post-thumbnail"],"aioseo_notices":[],"_links":{"self":[{"href":"https:\/\/interfaithsustain.com\/german\/wp-json\/wp\/v2\/pages\/210","targetHints":{"allow":["GET"]}}],"collection":[{"href":"https:\/\/interfaithsustain.com\/german\/wp-json\/wp\/v2\/pages"}],"about":[{"href":"https:\/\/interfaithsustain.com\/german\/wp-json\/wp\/v2\/types\/page"}],"author":[{"embeddable":true,"href":"https:\/\/interfaithsustain.com\/german\/wp-json\/wp\/v2\/users\/2"}],"replies":[{"embeddable":true,"href":"https:\/\/interfaithsustain.com\/german\/wp-json\/wp\/v2\/comments?post=210"}],"version-history":[{"count":5,"href":"https:\/\/interfaithsustain.com\/german\/wp-json\/wp\/v2\/pages\/210\/revisions"}],"predecessor-version":[{"id":493,"href":"https:\/\/interfaithsustain.com\/german\/wp-json\/wp\/v2\/pages\/210\/revisions\/493"}],"wp:featuredmedia":[{"embeddable":true,"href":"https:\/\/interfaithsustain.com\/german\/wp-json\/wp\/v2\/media\/214"}],"wp:attachment":[{"href":"https:\/\/interfaithsustain.com\/german\/wp-json\/wp\/v2\/media?parent=210"}],"curies":[{"name":"wp","href":"https:\/\/api.w.org\/{rel}","templated":true}]}}