{"id":327,"date":"2020-04-15T14:46:52","date_gmt":"2020-04-15T14:46:52","guid":{"rendered":"https:\/\/www.interfaithsustain.com\/french\/?page_id=327"},"modified":"2026-02-16T12:24:07","modified_gmt":"2026-02-16T12:24:07","slug":"faire-un-don","status":"publish","type":"page","link":"https:\/\/interfaithsustain.com\/french\/faire-un-don\/","title":{"rendered":"Faire un don"},"content":{"rendered":"\n<p>Le centre interconfessionnel pour le d\u00e9veloppement durable est un leader mondial de l&rsquo;activisme, de l&rsquo;\u00e9ducation, et de l&rsquo;action interconfessionnelle pour l&rsquo;environnement. Gr\u00e2ce \u00e0 votre g\u00e9n\u00e9reuse contribution, vous nous aiderez \u00e0 atteindre de plus en plus d&rsquo;individus et d&rsquo;institutions, et ainsi en faire b\u00e9n\u00e9ficier le monde entier.<\/p>\n\n\n\n<p>Des donateurs comme vous ont aid\u00e9 \u00e0 faire de tout ce travail une r\u00e9alit\u00e9, donc nous demandons votre soutien&nbsp;:<\/p>\n\n\n\n<p>Un don de 25 $ fournit une heure de travail pour le d\u00e9ploiement d&rsquo;installations de centrales solaires sur des terrains d&rsquo;\u00e9glise en Afrique.<\/p>\n\n\n\n<p>Un don de 500 $ finance un s\u00e9minaire de membres ou de doyens de facult\u00e9s dans la participation de deux journ\u00e9es de conf\u00e9rences sur la foi et l&rsquo;\u00e9cologie.<\/p>\n\n\n\n<p>Un montant de 2000 $ permet la tenue d&rsquo;un atelier pour femmes sur l&rsquo;\u00e9cologie, \u00e0 J\u00e9rusalem.<\/p>\n\n\n\n<p>Nous vous prions de nous soutenir afin de mobiliser les institutions confessionnelles et leurs dirigeants pour nous aider \u00e0 cr\u00e9er un chemin vers un futur plus durable.<\/p>\n\n\n\n<p>Le centre interconfessionnel pour le d\u00e9veloppement durable (l&rsquo;ICSD) est fiscalement sponsoris\u00e9 aux \u00c9tats- Unis d&rsquo;Am\u00e9rique par FJC, une soci\u00e9t\u00e9 501(c)(3).&nbsp; Toute contribution faite \u00e0 l&rsquo;ICSD via FJC est d\u00e9ductible d\u2019imp\u00f4ts aux \u00c9tats-Unis.<\/p>\n\n\n\n<p>Pour les autres pays, nous n&rsquo;avons pas sign\u00e9 d&rsquo;accords permettant la d\u00e9duction fiscale des dons. Les dons par carte bancaire sont possibles, mais ne donneront lieu \u00e0 aucune d\u00e9duction fiscale. Nous vous remercions de votre g\u00e9n\u00e9rosit\u00e9. Dans les religions et, plus g\u00e9n\u00e9ralement, au c\u0153ur de l&rsquo;humanit\u00e9, il existe un principe de charit\u00e9 et de g\u00e9n\u00e9rosit\u00e9. M\u00eame le plus petit geste compte\u00a0; nous partageons tous la m\u00eame plan\u00e8te.<\/p>\n\n\n<div class=\"wp-block-image\">\n<figure class=\"alignleft size-full\"><a href=\"https:\/\/fjc.givingfuel.com\/interfaith-center-for-sustainable-development\/\" target=\"_blank\" rel=\" noreferrer noopener\"><img decoding=\"async\" width=\"128\" height=\"31\" src=\"https:\/\/interfaithsustain.com\/french\/wp-content\/uploads\/2026\/02\/fair-un-don.png\" alt=\"Faire un don\" class=\"wp-image-594\" title=\"Faire un don\"\/><\/a><\/figure><\/div>\n\n\n<p><br><br>Vous serez redirig\u00e9(e) vers GivingFuel pour finaliser votre don en toute s\u00e9curit\u00e9. Nous ne conservons pas vos informations de paiement.<\/p>\n\n\n\n<p>Depuis Isra\u00ebl, vous pouvez consulter l&rsquo;ICSD, Interfaith Center for sustainable development, (le centre interconfessionnel pour le d\u00e9veloppement durable) et \u00e9crire \u00e0 P.O Box 28156, J\u00e9rusalem, 9128101.<\/p>\n","protected":false},"excerpt":{"rendered":"<p>Le centre interconfessionnel pour le d\u00e9veloppement durable est un leader mondial de l&rsquo;activisme, de l&rsquo;\u00e9ducation, et de l&rsquo;action interconfessionnelle pour l&rsquo;environnement. Gr\u00e2ce \u00e0 votre g\u00e9n\u00e9reuse contribution, vous nous aiderez \u00e0 atteindre de plus en plus d&rsquo;individus et d&rsquo;institutions, et ainsi en faire b\u00e9n\u00e9ficier le monde entier. Des donateurs comme vous&hellip;<\/p>\n<p> <a class=\"more-link\" href=\"https:\/\/interfaithsustain.com\/french\/faire-un-don\/\">Lire la suite<\/a><\/p>\n","protected":false},"author":3,"featured_media":214,"parent":0,"menu_order":0,"comment_status":"closed","ping_status":"closed","template":"","meta":{"footnotes":""},"aioseo_notices":[],"_links":{"self":[{"href":"https:\/\/interfaithsustain.com\/french\/wp-json\/wp\/v2\/pages\/327"}],"collection":[{"href":"https:\/\/interfaithsustain.com\/french\/wp-json\/wp\/v2\/pages"}],"about":[{"href":"https:\/\/interfaithsustain.com\/french\/wp-json\/wp\/v2\/types\/page"}],"author":[{"embeddable":true,"href":"https:\/\/interfaithsustain.com\/french\/wp-json\/wp\/v2\/users\/3"}],"replies":[{"embeddable":true,"href":"https:\/\/interfaithsustain.com\/french\/wp-json\/wp\/v2\/comments?post=327"}],"version-history":[{"count":12,"href":"https:\/\/interfaithsustain.com\/french\/wp-json\/wp\/v2\/pages\/327\/revisions"}],"predecessor-version":[{"id":595,"href":"https:\/\/interfaithsustain.com\/french\/wp-json\/wp\/v2\/pages\/327\/revisions\/595"}],"wp:featuredmedia":[{"embeddable":true,"href":"https:\/\/interfaithsustain.com\/french\/wp-json\/wp\/v2\/media\/214"}],"wp:attachment":[{"href":"https:\/\/interfaithsustain.com\/french\/wp-json\/wp\/v2\/media?parent=327"}],"curies":[{"name":"wp","href":"https:\/\/api.w.org\/{rel}","templated":true}]}}